{"id":191,"date":"2025-06-02T16:28:58","date_gmt":"2025-06-02T14:28:58","guid":{"rendered":"https:\/\/javierguerraabogado.com\/?page_id=191"},"modified":"2025-07-03T14:29:30","modified_gmt":"2025-07-03T14:29:30","slug":"politica-de-privacidad","status":"publish","type":"page","link":"https:\/\/maturanaabogados.com\/ca\/politica-de-privacidad\/","title":{"rendered":"Pol\u00edtica de privadesa"},"content":{"rendered":"<h2>1. \u00bfQui\u00e9n es el responsable del tratamiento de sus datos?<\/h2>\n<p>Persona: Pablo Fern\u00e1ndez<\/p>\n<p>Direcci\u00f3n: Calle Benito Blanco Rajoy, 7, 2\u00b0D, 15006, A Coru\u00f1a<\/p>\n<p>NIF: 46918419Y<\/p>\n<h2>2. \u00bfCon qu\u00e9 finalidad tratamos sus datos personales?<\/h2>\n<p>En <strong>{site_title}<\/strong>. Tratamos la informaci\u00f3n que nos facilita con la finalidad de gestionar la relaci\u00f3n contractual que nos une, gestionar el env\u00edo de la informaci\u00f3n que nos solicita, facilitar a los interesados ofertas de nuestros servicios y\/o productos de su inter\u00e9s y\/o gestionar su candidatura.<\/p>\n<h2>3. \u00bfPor cuanto tiempo conservaremos sus datos personales?<\/h2>\n<p>Sus datos, ser\u00e1n conservados el tiempo m\u00ednimo necesario para la correcta prestaci\u00f3n del servicio ofrecido, as\u00ed como para atender las responsabilidades que se pudieran derivar del mismo y de cualquier otra exigencia legal.<\/p>\n<h2>4. \u00bfCu\u00e1l es la legitimaci\u00f3n para el tratamiento de sus datos?<\/h2>\n<p>La base legal para el tratamiento de sus datos personales puede ser la ejecuci\u00f3n de una relaci\u00f3n contractual potencial y\/o suscrita, el inter\u00e9s leg\u00edtimo, la habilitaci\u00f3n legal y\/o el consentimiento del propio interesado. Los datos que le solicitamos son adecuados, pertinentes y estrictamente necesarios y en ning\u00fan caso est\u00e1 obligado a facilit\u00e1rnoslos, pero su no comunicaci\u00f3n podr\u00e1 afectar a la finalidad del servicio o la imposibilidad de prestarlo.<\/p>\n<h2>5. \u00bfA qu\u00e9 destinatarios se comunicar\u00e1n sus datos?<\/h2>\n<p><strong>{site_title}<\/strong> no comunicar\u00e1 sus datos a ning\u00fan tercero, salvo que se informe de ello expresamente.<\/p>\n<h2>6. \u00bfCu\u00e1les son sus derechos cuando nos facilita sus datos?<\/h2>\n<p>Los derechos de protecci\u00f3n de datos de los que son titulares los interesados son:<\/p>\n<ul>\n<li>Derecho a solicitar el acceso a los datos personales relativos al interesado<\/li>\n<li>Derecho de rectificaci\u00f3n o supresi\u00f3n<\/li>\n<li>Derecho de oposici\u00f3n<\/li>\n<li>Derecho a solicitar la limitaci\u00f3n de su tratamiento<\/li>\n<li>Derecho a la portabilidad de los datos<\/li>\n<\/ul>\n<p>Los titulares de los datos personales obtenidos, podr\u00e1n ejercer sus derechos de protecci\u00f3n de datos personales dirigiendo una comunicaci\u00f3n por escrito al domicilio social de <strong>{site_title} <\/strong>o al correo electr\u00f3nico habilitado a tal efecto jguerragarcia@icam.es, incluyendo en ambos casos fotocopia de su DNI u otro documento de identificaci\u00f3n equivalente.<\/p>\n<p>Modelos, formularios y m\u00e1s informaci\u00f3n disponible sobre sus derechos en la p\u00e1gina web de la autoridad de control nacional, Agencia Espa\u00f1ola de Protecci\u00f3n de Datos, en adelante, AEPD,\u00a0<a href=\"http:\/\/www.agpd.es\/\" target=\"_blank\" rel=\"noopener\">www.agpd.es<\/a>.<\/p>\n<h2>7. \u00bfPuedo retirar el consentimiento?<\/h2>\n<p>Usted tiene la posibilidad y el derecho a retirar el consentimiento para cualquiera finalidad espec\u00edfica otorgada en su momento, sin que ello afecte a la licitud del tratamiento basado en el consentimiento previo a su retirada.<\/p>\n<h2>8. \u00bfD\u00f3nde puedo reclamar en caso de que considere que no se tratan mis datos correctamente?<\/h2>\n<p>Si alg\u00fan interesado considera que sus datos no son tratados correctamente por <strong>{site_title}<\/strong> puede dirigir sus reclamaciones al correo ecotuktuk@gmail.com o a la autoridad de protecci\u00f3n de datos que corresponda, siendo la AEPD la indicada en el territorio nacional,\u00a0<a href=\"http:\/\/www.agpd.es\/\" target=\"_blank\" rel=\"noopener\">www.agpd.es<\/a><\/p>\n<h2>9. Seguridad y actualizaci\u00f3n de sus datos personales<\/h2>\n<p>Con el objetivo de salvaguardar la seguridad de sus datos personales, le informamos que <strong>{site_title}<\/strong> ha adoptado todas las medidas de \u00edndole t\u00e9cnica y organizativa necesarias para garantizar la seguridad de los datos personales suministrados. Todo ello para evitar su alteraci\u00f3n, p\u00e9rdida, y\/o tratamientos o accesos no autorizados, tal como exige la normativa, si bien la seguridad absoluta no existe.<\/p>\n<p>Es importante que, para que podamos mantener sus datos personales actualizados, nos informe siempre que se produzca una modificaci\u00f3n de los mismos.<\/p>\n<h2>10. Confidencialidad<\/h2>\n<p><strong>{site_title}<\/strong> le informa que sus datos ser\u00e1n tratados con el m\u00e1ximo celo y confidencialidad por todo el personal que intervenga en cualquiera de las fases del tratamiento. No cederemos ni comunicaremos a ning\u00fan tercero sus datos, excepto en los casos legalmente previstos, o salvo que el interesado nos hubiera autorizado expresamente.<\/p>","protected":false},"excerpt":{"rendered":"<p>1. \u00bfQui\u00e9n es el responsable del tratamiento de sus datos? Persona: Pablo Fern\u00e1ndez Direcci\u00f3n: Calle Benito Blanco Rajoy, 7, 2\u00b0D, 15006, A Coru\u00f1a NIF: 46918419Y 2. \u00bfCon qu\u00e9 finalidad tratamos sus datos personales? En {site_title}. Tratamos la informaci\u00f3n que nos facilita con la finalidad de gestionar la relaci\u00f3n contractual que nos une, gestionar el env\u00edo [&hellip;]<\/p>","protected":false},"author":1,"featured_media":0,"parent":0,"menu_order":0,"comment_status":"closed","ping_status":"closed","template":"","meta":{"_acf_changed":false,"footnotes":""},"class_list":["post-191","page","type-page","status-publish","hentry"],"acf":[],"_links":{"self":[{"href":"https:\/\/maturanaabogados.com\/ca\/wp-json\/wp\/v2\/pages\/191","targetHints":{"allow":["GET"]}}],"collection":[{"href":"https:\/\/maturanaabogados.com\/ca\/wp-json\/wp\/v2\/pages"}],"about":[{"href":"https:\/\/maturanaabogados.com\/ca\/wp-json\/wp\/v2\/types\/page"}],"author":[{"embeddable":true,"href":"https:\/\/maturanaabogados.com\/ca\/wp-json\/wp\/v2\/users\/1"}],"replies":[{"embeddable":true,"href":"https:\/\/maturanaabogados.com\/ca\/wp-json\/wp\/v2\/comments?post=191"}],"version-history":[{"count":1,"href":"https:\/\/maturanaabogados.com\/ca\/wp-json\/wp\/v2\/pages\/191\/revisions"}],"predecessor-version":[{"id":312,"href":"https:\/\/maturanaabogados.com\/ca\/wp-json\/wp\/v2\/pages\/191\/revisions\/312"}],"wp:attachment":[{"href":"https:\/\/maturanaabogados.com\/ca\/wp-json\/wp\/v2\/media?parent=191"}],"curies":[{"name":"wp","href":"https:\/\/api.w.org\/{rel}","templated":true}]}}